{"id":6422,"date":"2019-03-05T22:21:23","date_gmt":"2019-03-05T22:21:23","guid":{"rendered":"http:\/\/vomixteam.com\/?page_id=6422&#038;lang=de"},"modified":"2019-05-05T23:25:21","modified_gmt":"2019-05-05T23:25:21","slug":"o-nama","status":"publish","type":"page","link":"https:\/\/proba77356.vomixteam.com\/?page_id=6362","title":{"rendered":"\u00dcber uns"},"content":{"rendered":"<p>[vc_row full_width=&#8220;stretch_row&#8220; background_size=&#8220;auto&#8220; background_attachment=&#8220;marque&#8220; marque_direction=&#8220;to-left&#8220; background_image=&#8220;6369&#8243; lg_spacing=&#8220;padding_top:186;padding_bottom:112&#8243; background_position=&#8220;bottom center&#8220;][vc_column][tm_heading style=&#8220;typed-text&#8220; custom_google_font=&#8220;&#8220; font_weight=&#8220;500&#8243; align=&#8220;center&#8220; text=&#8220;VI ste definitivno zainteresovani<br \/>\nda otkrijete <mark>ko smo<\/mark>&#8220; typed_list=&#8220;%5B%7B%22text%22%3A%22%C5%A1ta%20radimo%22%7D%2C%7B%22text%22%3A%22gde%20se%20nalazimo%22%7D%2C%7B%22text%22%3A%22na%C5%A1e%20prednosti%22%7D%5D&#8220; font_size=&#8220;sm:40;md:50;lg:60&#8243; line_height=&#8220;1.2&#8243;][tm_spacer size=&#8220;lg:17&#8243;][tm_heading custom_google_font=&#8220;&#8220; font_weight=&#8220;500&#8243; align=&#8220;center&#8220; text_color=&#8220;custom&#8220; custom_text_color=&#8220;#777777&#8243; animation=&#8220;move-up&#8220; text=&#8220;Konstantno te\u017eimo kreativnim re\u0161enjima i adekvatnim reakcijama na sve poslovne izazove&#8220; font_size=&#8220;lg:20&#8243; line_height=&#8220;1.2&#8243;][\/vc_column][\/vc_row][vc_row][vc_column][tm_slider image_size=&#8220;1170&#215;560&#8243; v_center=&#8220;1&#8243; nav=&#8220;3&#8243; pagination=&#8220;1&#8243; gutter=&#8220;0&#8243; items_display=&#8220;xs:1;lg:1&#8243; items=&#8220;%5B%7B%22image%22%3A%226413%22%2C%22link%22%3A%22Link%22%7D%2C%7B%22image%22%3A%226373%22%2C%22link%22%3A%22Link%22%7D%5D&#8220; auto_play=&#8220;5000&#8243;][tm_spacer size=&#8220;sm:85;lg:107&#8243;][tm_list list_style=&#8220;modern-icon&#8220; items=&#8220;%5B%7B%22item_title%22%3A%22Prepoznatljivost%20na%20tr%C5%BEi%C5%A1tu%22%2C%22item_desc%22%3A%22Prepoznatljivost%20na%20tr%C5%BEi%C5%A1tu%20je%20posledica%20na%C5%A1e%20odlu%C4%8Dnosti%20da%20svojim%20tehnologijama%20korisnicima%20na%C5%A1ih%20proizvoda%20u%20kontinuitetu%20obezbedimo%20i%20garantujemo%20optimalan%20kvalitet%20.%20.%20.%22%2C%22type%22%3A%22simple_line%22%2C%22icon_fontawesome%22%3A%22fa%20fa-adjust%22%2C%22icon_simple_line%22%3A%22icon-creativemarket%22%7D%2C%7B%22item_title%22%3A%22Proizvodnja%22%2C%22item_desc%22%3A%22Proizvodnjom%20u%20skladu%20sa%20najstro%C5%BEim%20standardima%20kontrole%20kvaliteta%20sirovina%20i%20proizvoda%20u%20mogu%C4%87nosti%20smo%20da%20ispunimo%20i%20najslo%C5%BEenije%20zahteve%20koji%20se%20ti%C4%8Du%20karakteristika%20na%C5%A1ih%20proizvoda%22%2C%22type%22%3A%22simple_line%22%2C%22icon_fontawesome%22%3A%22fa%20fa-adjust%22%2C%22icon_simple_line%22%3A%22icon-physics-1%22%7D%2C%7B%22item_title%22%3A%22Gornji%20Stupanj%22%2C%22item_desc%22%3A%22Gornji%20Stupanj%20je%20seosko%20naselje%20kroz%20koje%20proti%C4%8De%20reka%20Pepelju%C5%A1a.%20Kompleks%20proizvodnog%20pogona%20se%20nalazi%20na%20nadmorskoj%20visini%20od%20230%20do%20240%20m.%20Pepelju%C5%A1a%20proti%C4%8De%20na%20udaljenosti%20od%20400%20metara%20od%20kompleksa%20proizvodnog%20pogona%22%2C%22type%22%3A%22simple_line%22%2C%22icon_fontawesome%22%3A%22fa%20fa-adjust%22%2C%22icon_simple_line%22%3A%22icon-home%22%7D%2C%7B%22item_title%22%3A%22Gde%20se%20nalazimo%22%2C%22item_desc%22%3A%22Proizvodni%20pogon%20kompanije%20%E2%80%9EVomiX%E2%80%9C%20sme%C5%A1ten%20je%20u%20centralnoj%20Srbiji%20u%20mestu%20Gornji%20Stupanj%2C%20op%C5%A1tina%20Aleksandrovac%2C%2010%20km%20od%20Aleksandrovca%20i%2025%20km%20od%20Kru%C5%A1evca%2C%20pored%20glavnog%20puta%20Kru%C5%A1evac%20%E2%80%93%20Aleksandrovac.%20Ova%20oblast%20u%20podno%C5%BEju%20%C5%BDeljina%20i%20Go%C4%8Da%20naziva%20se%20%C5%BDupom.%20To%20je%20plodna%20i%20pitoma%20kotlina%20poznata%20po%20vo%C4%87njacima%20i%20vinogradima%2C%20po%20odli%C4%8Dnom%20gro%C5%BE%C4%91u%20i%20podrumima%20za%20preradu%20vina%22%2C%22type%22%3A%22simple_line%22%2C%22icon_fontawesome%22%3A%22fa%20fa-adjust%22%2C%22icon_simple_line%22%3A%22icon-location-2%22%7D%2C%7B%22item_title%22%3A%22Istorijat%20fabrike%22%2C%22item_desc%22%3A%22Godine%201989.%20zapo%C4%8Deta%20je%20izgradnja%20proizvodnog%20pogona%20sa%20slede%C4%87im%20programom%3A%20te%C4%8Dni%20deterd%C5%BEenti%20%2C%20sredstva%20za%20higijenu%20u%20doma%C4%87instvu%2C%20kozmeti%C4%8Dki%20preparati%2C%20%C5%A1amponi%20i%20sredstva%20za%20li%C4%8Dnu%20higijenu.%20Po%C4%8Detkom%202001.%20godine%20VomiX%20je%20krenuo%20u%20otvaranje%20Pogona%20za%20proizvodnju%20vodenog%20stakla%2C%20natrijum-disilikata%20i%20metasilikata.%20VomiX%20je%20danas%20proizvo%C4%91a%C4%8D%20vodenog%20stakla%20(natrijum%20silikata)%20i%20sivel%20meda%20(silikatnog%20veziva)%20vrhunskog%20kvaliteta%22%2C%22type%22%3A%22simple_line%22%2C%22icon_fontawesome%22%3A%22fa%20fa-adjust%22%2C%22icon_simple_line%22%3A%22icon-history%22%7D%2C%7B%22item_title%22%3A%22Zaposleni%22%2C%22item_desc%22%3A%22Svoj%20uspeh%20VomiX%20duguje%20pre%20svega%20zaposlenima.%20Kompetentni%2C%20kreativni%20ljudi%20koji%20krase%20na%C5%A1u%20kompaniju%20uvek%20su%20u%20stanju%20da%20prona%C4%91u%20optimalna%20re%C5%A1enja.%20Iz%20tog%20razloga%20sve%20%C4%8Dinimo%20da%20u%20kompaniju%20privu%C4%8Demo%20najtalentovanije%20mlade%20ljude.%20Oni%20po%20pravilu%20prolaze%20kroz%20me%C4%91unarodnu%20obuku%2C%20imaju%20mogu%C4%87nosti%20inovativnog%20u%C4%8Denja%20i%20vrlo%20rano%20priliku%20da%20preuzmu%20odgovornost%20u%20instaliranju%20novih%20slo%C5%BEenih%20procesa%22%2C%22type%22%3A%22simple_line%22%2C%22icon_fontawesome%22%3A%22fa%20fa-adjust%22%2C%22icon_simple_line%22%3A%22icon-people%22%7D%5D&#8220; columns=&#8220;xs:1;sm:2;lg:3&#8243;][vc_row_inner overlay_background=&#8220;overlay_custom_background&#8220; overlay_custom_background=&#8220;#ffffff&#8220; overlay_opacity=&#8220;73&#8243; background_image=&#8220;6334&#8243;][vc_column_inner][tm_spacer size=&#8220;xs:217;sm:217;md:217;lg:217&#8243;][vc_custom_heading text=&#8220;Lider na prostoru Balkana&#8220; font_container=&#8220;tag:h3|text_align:center&#8220; use_theme_fonts=&#8220;yes&#8220;][tm_spacer size=&#8220;xs:217;sm:217;md:217;lg:217&#8243;][\/vc_column_inner][\/vc_row_inner][\/vc_column][\/vc_row][vc_row lg_spacing=&#8220;padding_top:130;padding_bottom:130&#8243; sm_spacing=&#8220;padding_top:100;padding_bottom:100&#8243;][vc_column width=&#8220;1\/2&#8243;][vc_column_text]<video autoplay=\"autoplay\" width=\"100%\" height=\"100%\"><br \/><source src=\"http:\/\/vomixteam.com\/wp-content\/uploads\/2017\/09\/nsf-p231-microbiological-purified-water.mp4\" type=\"video\/mp4\" \/><br \/>\nYour browser does not support the video tag.<br \/><\/video>[\/vc_column_text][\/vc_column][vc_column width=&#8220;1\/3&#8243; lg_spacing=&#8220;padding_top:38;padding_bottom:30&#8243; offset=&#8220;vc_col-sm-offset-1&#8243; xs_spacing=&#8220;padding_bottom:0&#8243;][tm_heading custom_google_font=&#8220;&#8220; font_weight=&#8220;600&#8243; text_color=&#8220;primary_color&#8220; animation=&#8220;move-left&#8220; text=&#8220;NA\u0160A POSLOVNA STRATEGIJA&#8220; font_size=&#8220;lg:14&#8243; letter_spacing=&#8220;0.1em&#8220;][tm_spacer size=&#8220;lg:27&#8243;][tm_heading custom_google_font=&#8220;&#8220; animation=&#8220;move-left&#8220; text=&#8220;U susret Va\u0161im prohtevima&#8220; font_size=&#8220;sm:28;md:34;lg:40&#8243; line_height=&#8220;1.3&#8243;][tm_spacer size=&#8220;lg:12&#8243;][tm_heading tag=&#8220;div&#8220; custom_google_font=&#8220;&#8220; animation=&#8220;move-left&#8220; text=&#8220;Va\u0161e specifi\u010dne zahteve i posebne \u017eelje pri naru\u010divanju na\u0161ih proizvoda shvati\u0107emo kao jo\u0161 jedan poslovni izazov kojem \u0107emo se odazvati sa uspehom . . .&#8220;][\/vc_column][\/vc_row][vc_row full_width=&#8220;stretch_row&#8220; lg_spacing=&#8220;border_top:1;padding_top:100;padding_bottom:110&#8243;][vc_column][tm_heading custom_google_font=&#8220;&#8220; align=&#8220;center&#8220; text=&#8220;Postanite deo na\u0161eg tima&#8220; font_size=&#8220;sm:28;lg:34&#8243;][tm_spacer size=&#8220;lg:16&#8243;][tm_heading tag=&#8220;div&#8220; custom_google_font=&#8220;&#8220; align=&#8220;center&#8220; text=&#8220;Po\u0161aljite Va\u0161 CV, budite nova kreativna snaga . . .&#8220;][tm_spacer size=&#8220;lg:38&#8243;][tm_button button=&#8220;url:%23|title:Konkuri%C5%A1ite||&#8220; align=&#8220;center&#8220; animation=&#8220;move-up&#8220; color=&#8220;secondary&#8220;][\/vc_column][\/vc_row]<\/p>\n","protected":false},"excerpt":{"rendered":"[vc_row full_width=&#8220;stretch_row&#8220; background_size=&#8220;auto&#8220; background_attachment=&#8220;marque&#8220; marque_direction=&#8220;to-left&#8220; background_image=&#8220;6369&#8243; lg_spacing=&#8220;padding_top:186;padding_bottom:112&#8243; background_position=&#8220;bottom center&#8220;][vc_column][tm_heading style=&#8220;typed-text&#8220; custom_google_font=&#8220;&#8220; font_weight=&#8220;500&#8243; align=&#8220;center&#8220; text=&#8220;VI ste definitivno zainteresovani da otkrijete ko smo&#8220; typed_list=&#8220;%5B%7B%22text%22%3A%22%C5%A1ta%20radimo%22%7D%2C%7B%22text%22%3A%22gde%20se%20nalazimo%22%7D%2C%7B%22text%22%3A%22na%C5%A1e%20prednosti%22%7D%5D&#8220; font_size=&#8220;sm:40;md:50;lg:60&#8243; line_height=&#8220;1.2&#8243;][tm_spacer size=&#8220;lg:17&#8243;][tm_heading custom_google_font=&#8220;&#8220; font_weight=&#8220;500&#8243; align=&#8220;center&#8220; text_color=&#8220;custom&#8220; custom_text_color=&#8220;#777777&#8243; animation=&#8220;move-up&#8220; text=&#8220;Konstantno te\u017eimo kreativnim re\u0161enjima i adekvatnim reakcijama na sve poslovne izazove&#8220; font_size=&#8220;lg:20&#8243; line_height=&#8220;1.2&#8243;][\/vc_column][\/vc_row][vc_row][vc_column][tm_slider image_size=&#8220;1170&#215;560&#8243; v_center=&#8220;1&#8243; nav=&#8220;3&#8243; pagination=&#8220;1&#8243; gutter=&#8220;0&#8243; items_display=&#8220;xs:1;lg:1&#8243; items=&#8220;%5B%7B%22image%22%3A%226413%22%2C%22link%22%3A%22Link%22%7D%2C%7B%22image%22%3A%226373%22%2C%22link%22%3A%22Link%22%7D%5D&#8220; auto_play=&#8220;5000&#8243;][tm_spacer size=&#8220;sm:85;lg:107&#8243;][tm_list list_style=&#8220;modern-icon&#8220; items=&#8220;%5B%7B%22item_title%22%3A%22Prepoznatljivost%20na%20tr%C5%BEi%C5%A1tu%22%2C%22item_desc%22%3A%22Prepoznatljivost%20na%20tr%C5%BEi%C5%A1tu%20je%20posledica%20na%C5%A1e%20odlu%C4%8Dnosti%20da%20svojim%20tehnologijama%20korisnicima%20na%C5%A1ih%20proizvoda%20u%20kontinuitetu%20obezbedimo%20i%20garantujemo%20optimalan%20kvalitet%20.%20.%20.%22%2C%22type%22%3A%22simple_line%22%2C%22icon_fontawesome%22%3A%22fa%20fa-adjust%22%2C%22icon_simple_line%22%3A%22icon-creativemarket%22%7D%2C%7B%22item_title%22%3A%22Proizvodnja%22%2C%22item_desc%22%3A%22Proizvodnjom%20u%20skladu%20sa%20najstro%C5%BEim%20standardima%20kontrole%20kvaliteta%20sirovina%20i%20proizvoda%20u%20mogu%C4%87nosti%20smo%20da%20ispunimo%20i%20najslo%C5%BEenije%20zahteve%20koji%20se%20ti%C4%8Du%20karakteristika%20na%C5%A1ih%20proizvoda%22%2C%22type%22%3A%22simple_line%22%2C%22icon_fontawesome%22%3A%22fa%20fa-adjust%22%2C%22icon_simple_line%22%3A%22icon-physics-1%22%7D%2C%7B%22item_title%22%3A%22Gornji%20Stupanj%22%2C%22item_desc%22%3A%22Gornji%20Stupanj%20je%20seosko%20naselje%20kroz%20koje%20proti%C4%8De%20reka%20Pepelju%C5%A1a.%20Kompleks%20proizvodnog%20pogona%20se%20nalazi%20na%20nadmorskoj%20visini%20od%20230%20do%20240%20m.%20Pepelju%C5%A1a%20proti%C4%8De%20na%20udaljenosti%20od%20400%20metara%20od%20kompleksa%20proizvodnog%20pogona%22%2C%22type%22%3A%22simple_line%22%2C%22icon_fontawesome%22%3A%22fa%20fa-adjust%22%2C%22icon_simple_line%22%3A%22icon-home%22%7D%2C%7B%22item_title%22%3A%22Gde%20se%20nalazimo%22%2C%22item_desc%22%3A%22Proizvodni%20pogon%20kompanije%20%E2%80%9EVomiX%E2%80%9C%20sme%C5%A1ten%20je%20u%20centralnoj%20Srbiji%20u%20mestu%20Gornji%20Stupanj%2C%20op%C5%A1tina%20Aleksandrovac%2C%2010%20km%20od%20Aleksandrovca%20i%2025%20km%20od%20Kru%C5%A1evca%2C%20pored%20glavnog%20puta%20Kru%C5%A1evac%20%E2%80%93%20Aleksandrovac.%20Ova%20oblast%20u%20podno%C5%BEju%20%C5%BDeljina%20i%20Go%C4%8Da%20naziva%20se%20%C5%BDupom.%20To%20je%20plodna%20i%20pitoma%20kotlina%20poznata%20po%20vo%C4%87njacima%20i%20vinogradima%2C%20po%20odli%C4%8Dnom%20gro%C5%BE%C4%91u%20i%20podrumima%20za%20preradu%20vina%22%2C%22type%22%3A%22simple_line%22%2C%22icon_fontawesome%22%3A%22fa%20fa-adjust%22%2C%22icon_simple_line%22%3A%22icon-location-2%22%7D%2C%7B%22item_title%22%3A%22Istorijat%20fabrike%22%2C%22item_desc%22%3A%22Godine%201989.%20zapo%C4%8Deta%20je%20izgradnja%20proizvodnog%20pogona%20sa%20slede%C4%87im%20programom%3A%20te%C4%8Dni%20deterd%C5%BEenti%20%2C%20sredstva%20za%20higijenu%20u%20doma%C4%87instvu%2C%20kozmeti%C4%8Dki%20preparati%2C%20%C5%A1amponi%20i%20sredstva%20za%20li%C4%8Dnu%20higijenu.%20Po%C4%8Detkom%202001.%20godine%20VomiX%20je%20krenuo%20u%20otvaranje%20Pogona%20za%20proizvodnju%20vodenog%20stakla%2C%20natrijum-disilikata%20i%20metasilikata.%20VomiX%20je%20danas%20proizvo%C4%91a%C4%8D%20vodenog%20stakla%20(natrijum%20silikata)%20i%20sivel%20meda%20(silikatnog%20veziva)%20vrhunskog%20kvaliteta%22%2C%22type%22%3A%22simple_line%22%2C%22icon_fontawesome%22%3A%22fa%20fa-adjust%22%2C%22icon_simple_line%22%3A%22icon-history%22%7D%2C%7B%22item_title%22%3A%22Zaposleni%22%2C%22item_desc%22%3A%22Svoj%20uspeh%20VomiX%20duguje%20pre%20svega%20zaposlenima.%20Kompetentni%2C%20kreativni%20ljudi%20koji%20krase%20na%C5%A1u%20kompaniju%20uvek%20su%20u%20stanju%20da%20prona%C4%91u%20optimalna%20re%C5%A1enja.%20Iz%20tog%20razloga%20sve%20%C4%8Dinimo%20da%20u%20kompaniju%20privu%C4%8Demo%20najtalentovanije%20mlade%20ljude.%20Oni%20po%20pravilu%20prolaze%20kroz%20me%C4%91unarodnu%20obuku%2C%20imaju%20mogu%C4%87nosti%20inovativnog%20u%C4%8Denja%20i%20vrlo%20rano%20priliku%20da%20preuzmu%20odgovornost%20u%20instaliranju%20novih%20slo%C5%BEenih%20procesa%22%2C%22type%22%3A%22simple_line%22%2C%22icon_fontawesome%22%3A%22fa%20fa-adjust%22%2C%22icon_simple_line%22%3A%22icon-people%22%7D%5D&#8220; columns=&#8220;xs:1;sm:2;lg:3&#8243;][vc_row_inner overlay_background=&#8220;overlay_custom_background&#8220; overlay_custom_background=&#8220;#ffffff&#8220; overlay_opacity=&#8220;73&#8243; background_image=&#8220;6334&#8243;][vc_column_inner][tm_spacer size=&#8220;xs:217;sm:217;md:217;lg:217&#8243;][vc_custom_heading text=&#8220;Lider na prostoru Balkana&#8220; font_container=&#8220;tag:h3|text_align:center&#8220; use_theme_fonts=&#8220;yes&#8220;][tm_spacer size=&#8220;xs:217;sm:217;md:217;lg:217&#8243;][\/vc_column_inner][\/vc_row_inner][\/vc_column][\/vc_row][vc_row lg_spacing=&#8220;padding_top:130;padding_bottom:130&#8243; sm_spacing=&#8220;padding_top:100;padding_bottom:100&#8243;][vc_column width=&#8220;1\/2&#8243;][vc_column_text] Your browser does not support the video tag.[\/vc_column_text][\/vc_column][vc_column width=&#8220;1\/3&#8243; lg_spacing=&#8220;padding_top:38;padding_bottom:30&#8243; offset=&#8220;vc_col-sm-offset-1&#8243; xs_spacing=&#8220;padding_bottom:0&#8243;][tm_heading custom_google_font=&#8220;&#8220; font_weight=&#8220;600&#8243; text_color=&#8220;primary_color&#8220; animation=&#8220;move-left&#8220; text=&#8220;NA\u0160A POSLOVNA STRATEGIJA&#8220; font_size=&#8220;lg:14&#8243; letter_spacing=&#8220;0.1em&#8220;][tm_spacer size=&#8220;lg:27&#8243;][tm_heading custom_google_font=&#8220;&#8220; animation=&#8220;move-left&#8220; text=&#8220;U susret Va\u0161im prohtevima&#8220; font_size=&#8220;sm:28;md:34;lg:40&#8243; line_height=&#8220;1.3&#8243;][tm_spacer size=&#8220;lg:12&#8243;][tm_heading tag=&#8220;div&#8220; custom_google_font=&#8220;&#8220; animation=&#8220;move-left&#8220; text=&#8220;Va\u0161e specifi\u010dne zahteve i posebne \u017eelje pri naru\u010divanju na\u0161ih proizvoda shvati\u0107emo kao jo\u0161 jedan poslovni izazov kojem \u0107emo se odazvati sa uspehom . . .&#8220;][\/vc_column][\/vc_row][vc_row full_width=&#8220;stretch_row&#8220; lg_spacing=&#8220;border_top:1;padding_top:100;padding_bottom:110&#8243;][vc_column][tm_heading custom_google_font=&#8220;&#8220; align=&#8220;center&#8220; text=&#8220;Postanite deo na\u0161eg tima&#8220; font_size=&#8220;sm:28;lg:34&#8243;][tm_spacer size=&#8220;lg:16&#8243;][tm_heading tag=&#8220;div&#8220; custom_google_font=&#8220;&#8220; align=&#8220;center&#8220; text=&#8220;Po\u0161aljite Va\u0161 CV, budite nova kreativna snaga . . .&#8220;][tm_spacer size=&#8220;lg:38&#8243;][tm_button button=&#8220;url:%23|title:Konkuri%C5%A1ite||&#8220; align=&#8220;center&#8220; animation=&#8220;move-up&#8220; color=&#8220;secondary&#8220;][\/vc_column][\/vc_row]","protected":false},"author":1,"featured_media":0,"parent":0,"menu_order":0,"comment_status":"closed","ping_status":"closed","template":"","meta":[],"_links":{"self":[{"href":"https:\/\/proba77356.vomixteam.com\/index.php?rest_route=\/wp\/v2\/pages\/6422"}],"collection":[{"href":"https:\/\/proba77356.vomixteam.com\/index.php?rest_route=\/wp\/v2\/pages"}],"about":[{"href":"https:\/\/proba77356.vomixteam.com\/index.php?rest_route=\/wp\/v2\/types\/page"}],"author":[{"embeddable":true,"href":"https:\/\/proba77356.vomixteam.com\/index.php?rest_route=\/wp\/v2\/users\/1"}],"replies":[{"embeddable":true,"href":"https:\/\/proba77356.vomixteam.com\/index.php?rest_route=%2Fwp%2Fv2%2Fcomments&post=6422"}],"version-history":[{"count":3,"href":"https:\/\/proba77356.vomixteam.com\/index.php?rest_route=\/wp\/v2\/pages\/6422\/revisions"}],"predecessor-version":[{"id":6426,"href":"https:\/\/proba77356.vomixteam.com\/index.php?rest_route=\/wp\/v2\/pages\/6422\/revisions\/6426"}],"wp:attachment":[{"href":"https:\/\/proba77356.vomixteam.com\/index.php?rest_route=%2Fwp%2Fv2%2Fmedia&parent=6422"}],"curies":[{"name":"wp","href":"https:\/\/api.w.org\/{rel}","templated":true}]}}