{"id":6429,"date":"2019-05-06T00:19:43","date_gmt":"2019-05-06T00:19:43","guid":{"rendered":"http:\/\/vomixteam.com\/?page_id=6429&#038;lang=de"},"modified":"2019-05-06T01:50:06","modified_gmt":"2019-05-06T01:50:06","slug":"willkommen","status":"publish","type":"page","link":"https:\/\/proba77356.vomixteam.com\/","title":{"rendered":"Willkommen"},"content":{"rendered":"<p>[vc_row full_width=&#8220;stretch_row&#8220; lg_spacing=&#8220;padding_top:122;padding_bottom:60&#8243; gutter=&#8220;sm:30;lg:50&#8243; sm_spacing=&#8220;padding_top:90;padding_bottom:40&#8243;][vc_column offset=&#8220;vc_col-md-4&#8243;][tm_heading custom_google_font=&#8220;&#8220; font_weight=&#8220;600&#8243; text_color=&#8220;custom&#8220; custom_text_color=&#8220;#222222&#8243; text=&#8220;Mehr als 30 Jahre lange Produktion von Wasserglas und Sivelmed&#8220; font_size=&#8220;sm:30;md:36;lg:42&#8243; line_height=&#8220;1.19&#8243;][tm_spacer size=&#8220;lg:30&#8243;][tm_button style=&#8220;outline&#8220; size=&#8220;custom&#8220; button=&#8220;url:%23|title:%C3%9Cber%20uns||&#8220; color=&#8220;custom&#8220; button_bg_color=&#8220;custom&#8220; font_color=&#8220;custom&#8220; button_border_color=&#8220;custom&#8220; button_bg_color_hover=&#8220;custom&#8220; font_color_hover=&#8220;custom&#8220; button_border_color_hover=&#8220;custom&#8220; width=&#8220;220&#8243; custom_font_color=&#8220;#222222&#8243; custom_button_border_color=&#8220;#eeeeee&#8220; custom_font_color_hover=&#8220;#222222&#8243; custom_button_border_color_hover=&#8220;#eeeeee&#8220; custom_button_bg_color=&#8220;#ffffff&#8220; custom_button_bg_color_hover=&#8220;#eeeeee&#8220;][tm_spacer size=&#8220;sm:40&#8243;][\/vc_column][vc_column width=&#8220;1\/2&#8243; offset=&#8220;vc_col-md-4&#8243;][tm_box_icon style=&#8220;5&#8243; image=&#8220;6335&#8243; heading=&#8220;Die Anwendung moderner Technologien&#8220; text=&#8220;Unsere Erkennbarkeit auf dem Markt ist die Folge unserer Entschiedenheit, mit modernsten Technologien den Nutzern unserer Produkte optimale Qualit\u00e4t in Kontinuit\u00e4t zu gew\u00e4hrleisten und zu garantieren&#8220;][\/vc_column][vc_column width=&#8220;1\/2&#8243; offset=&#8220;vc_col-md-4&#8243;][tm_box_icon style=&#8220;5&#8243; image=&#8220;6340&#8243; heading=&#8220;Die auf hohem Professionalismus und hohem Expertenwissen der Angestellten gegr\u00fcndete Strategie&#8220; text=&#8220;Seinen Erfolg schuldet VomiX vor allem den Angestellten. Die kompetenten, kreativen Menschen, die unser Unternehmen schm\u00fccken, sind immer im Stande, optimale L\u00f6sungen zu finden. Aus diesem Grund tun wir alles, um ins Unternehmen die talentvollsten jungen Menschen anzuziehen. Sie machen der Regel nach eine internationale Ausbildung, haben M\u00f6glichkeiten zum innovativen Lernen und sehr fr\u00fch die Chance, Verantwortung bei der Installation neuer komplexer Prozesse zu \u00fcbernehmen . . .&#8220;][\/vc_column][\/vc_row][vc_row full_width=&#8220;stretch_row&#8220; background_color=&#8220;custom&#8220; lg_spacing=&#8220;padding_top:139;padding_bottom:123&#8243; custom_background_color=&#8220;#f2f8ff&#8220;][vc_column][tm_heading custom_google_font=&#8220;&#8220; font_weight=&#8220;600&#8243; align=&#8220;center&#8220; text_color=&#8220;custom&#8220; custom_text_color=&#8220;#222222&#8243; text=&#8220;Wir sind die Leader&#8220; font_size=&#8220;sm:30;md:36;lg:42&#8243; line_height=&#8220;1.19&#8243;][tm_spacer size=&#8220;lg:24&#8243;][tm_heading tag=&#8220;div&#8220; custom_google_font=&#8220;&#8220; align=&#8220;center&#8220; text=&#8220;Die strenge Einhaltung von Lieferfristen sowie die Ausf\u00fcllung aller Anforderungen des modernen Gesch\u00e4ftsbetriebs sind das, was uns zu den Leadern auf dem Wasserglas- und Sivelmedmarkt macht&#8220; max_width=&#8220;650px&#8220;][tm_spacer size=&#8220;lg:80&#8243;][vc_row_inner][vc_column_inner width=&#8220;1\/2&#8243; offset=&#8220;vc_col-md-3&#8243;][tm_box_icon style=&#8220;7&#8243; type=&#8220;linea&#8220; icon_linea=&#8220;linea-basic-world&#8220; align=&#8220;center&#8220; heading=&#8220;Der Weltmarkt&#8220; text=&#8220;Eine sehr bemerkte Anwesenheit auf dem internationalen Markt . . .&#8220;][\/vc_column_inner][vc_column_inner width=&#8220;1\/2&#8243; offset=&#8220;vc_col-md-3&#8243;][tm_box_icon style=&#8220;7&#8243; type=&#8220;linea&#8220; icon_linea=&#8220;linea-basic-paperplane&#8220; align=&#8220;center&#8220; heading=&#8220;Neue Ideen . . .&#8220; text=&#8220;Wir sind offen f\u00fcr neue Ideen- und Technologiel\u00f6sungen . . .&#8220;][\/vc_column_inner][vc_column_inner width=&#8220;1\/2&#8243; offset=&#8220;vc_col-md-3&#8243;][tm_box_icon style=&#8220;7&#8243; type=&#8220;linea&#8220; icon_linea=&#8220;linea-basic-clock&#8220; align=&#8220;center&#8220; heading=&#8220;Die Lieferfristen . . .&#8220; text=&#8220;Ausnahmslose Einhaltung der Zeitrahmen&#8220;][\/vc_column_inner][vc_column_inner width=&#8220;1\/2&#8243; offset=&#8220;vc_col-md-3&#8243;][tm_box_icon style=&#8220;7&#8243; type=&#8220;linea&#8220; icon_linea=&#8220;linea-ecommerce-wallet&#8220; align=&#8220;center&#8220; heading=&#8220;Die Preiswettbewerbsf\u00e4higkeit&#8220; text=&#8220;Zweifelslos eines unserer St\u00e4rken . . .&#8220;][\/vc_column_inner][\/vc_row_inner][\/vc_column][\/vc_row][vc_row full_width=&#8220;stretch_row&#8220; background_attachment=&#8220;fixed&#8220; lg_spacing=&#8220;padding_top:170;padding_bottom:151&#8243; sm_spacing=&#8220;padding_top:120;padding_bottom:100&#8243; background_image=&#8220;6314&#8243; background_position=&#8220;center&#8220;][vc_column][tm_heading custom_google_font=&#8220;&#8220; font_weight=&#8220;600&#8243; align=&#8220;center&#8220; text_color=&#8220;primary_color&#8220; text=&#8220;Unsere Produkte&#8220; font_size=&#8220;lg:20&#8243; line_height=&#8220;1.2&#8243;][tm_spacer size=&#8220;lg:32&#8243;][tm_heading custom_google_font=&#8220;&#8220; font_weight=&#8220;600&#8243; align=&#8220;center&#8220; text_color=&#8220;custom&#8220; custom_text_color=&#8220;#ffffff&#8220; text=&#8220;Wir entwickeln Produktspitzenl\u00f6sungen f\u00fcr unsere Kunden . . .&#8220; font_size=&#8220;sm:34;md:42;lg:50&#8243; line_height=&#8220;1.2&#8243;][tm_spacer size=&#8220;lg:48&#8243;][tm_button style=&#8220;outline&#8220; size=&#8220;custom&#8220; button=&#8220;|title:Detail||&#8220; align=&#8220;center&#8220; color=&#8220;custom&#8220; button_bg_color=&#8220;custom&#8220; font_color=&#8220;custom&#8220; button_border_color=&#8220;custom&#8220; button_bg_color_hover=&#8220;custom&#8220; font_color_hover=&#8220;custom&#8220; button_border_color_hover=&#8220;custom&#8220; width=&#8220;180&#8243; custom_font_color=&#8220;#222222&#8243; custom_button_border_color=&#8220;#ffffff&#8220; custom_font_color_hover=&#8220;#ffffff&#8220; custom_button_border_color_hover=&#8220;#ffffff&#8220; custom_button_bg_color=&#8220;#ffffff&#8220;][\/vc_column][\/vc_row][vc_row full_width=&#8220;stretch_row&#8220; lg_spacing=&#8220;padding_top:120;padding_bottom:124&#8243; sm_spacing=&#8220;padding_top:90;padding_bottom:100&#8243;][vc_column][vc_row_inner content_placement=&#8220;middle&#8220;][vc_column_inner width=&#8220;1\/3&#8243;][tm_heading custom_google_font=&#8220;&#8220; font_weight=&#8220;600&#8243; text_color=&#8220;custom&#8220; custom_text_color=&#8220;#222222&#8243; text=&#8220;Nachrichten&#8220; font_size=&#8220;sm:30;md:36;lg:42&#8243; line_height=&#8220;1.2&#8243;][\/vc_column_inner][vc_column_inner width=&#8220;1\/3&#8243;][tm_heading tag=&#8220;div&#8220; custom_google_font=&#8220;&#8220; font_weight=&#8220;500&#8243; align=&#8220;right&#8220; xs_align=&#8220;left&#8220; text=&#8220;Subscribe to our newsletter&#8220; font_size=&#8220;lg:15&#8243; line_height=&#8220;1.53&#8243;][\/vc_column_inner][vc_column_inner width=&#8220;1\/3&#8243;][tm_mailchimp_form style=&#8220;4&#8243;][\/vc_column_inner][\/vc_row_inner][tm_spacer size=&#8220;lg:87&#8243;][tm_blog style=&#8220;grid_modern&#8220; gutter=&#8220;30&#8243; number=&#8220;3&#8243; taxonomies=&#8220;post_tag:classic&#8220; columns=&#8220;xs:1;sm:2;lg:3&#8243;][tm_spacer size=&#8220;lg:50&#8243;][tm_button size=&#8220;custom&#8220; button=&#8220;url:%23|title:Sehen%20sie%20sich%20sie%20an||&#8220; align=&#8220;center&#8220; width=&#8220;180&#8243;][\/vc_column][\/vc_row][vc_row full_width=&#8220;stretch_row_content_no_spaces&#8220; equal_height=&#8220;yes&#8220; content_placement=&#8220;middle&#8220;][vc_column width=&#8220;1\/2&#8243;][vc_single_image image=&#8220;6357&#8243; img_size=&#8220;full&#8220; full_width=&#8220;true&#8220;][\/vc_column][vc_column width=&#8220;1\/2&#8243; background_color=&#8220;custom&#8220; lg_spacing=&#8220;padding_top:110;padding_bottom:85;padding_left:190&#8243; md_spacing=&#8220;padding_left:50&#8243; sm_spacing=&#8220;padding_left:30&#8243; custom_background_color=&#8220;#f2f8ff&#8220;][vc_row_inner max_width=&#8220;500px&#8220;][vc_column_inner][tm_testimonial style=&#8220;6&#8243; number=&#8220;9&#8243; auto_play=&#8220;5000&#8243; nav=&#8220;7&#8243; pagination=&#8220;4&#8243; carousel_items_display=&#8220;xs:1;lg:1&#8243; carousel_gutter=&#8220;lg:30&#8243;][\/vc_column_inner][\/vc_row_inner][\/vc_column][\/vc_row][vc_row full_width=&#8220;stretch_row&#8220; lg_spacing=&#8220;padding_top:73;padding_bottom:73&#8243; sm_spacing=&#8220;padding_top:50;padding_bottom:50&#8243;][vc_column][tm_slider loop=&#8220;&#8220; v_center=&#8220;1&#8243; gutter=&#8220;30&#8243; text_align=&#8220;center&#8220; items_display=&#8220;xs:2;sm:3;lg:4&#8243; items=&#8220;%5B%7B%22image%22%3A%226327%22%2C%22link%22%3A%22url%3Ahttp%253A%252F%252Feucom.rs%252Fsr-yu%7C%7Ctarget%3A%2520_blank%7C%22%7D%2C%7B%22image%22%3A%226330%22%2C%22link%22%3A%22url%3Ahttps%253A%252F%252Fwww.henkel.rs%7C%7Ctarget%3A%2520_blank%7C%22%7D%5D&#8220;][\/vc_column][\/vc_row]<\/p>\n","protected":false},"excerpt":{"rendered":"[vc_row full_width=&#8220;stretch_row&#8220; lg_spacing=&#8220;padding_top:122;padding_bottom:60&#8243; gutter=&#8220;sm:30;lg:50&#8243; sm_spacing=&#8220;padding_top:90;padding_bottom:40&#8243;][vc_column offset=&#8220;vc_col-md-4&#8243;][tm_heading custom_google_font=&#8220;&#8220; font_weight=&#8220;600&#8243; text_color=&#8220;custom&#8220; custom_text_color=&#8220;#222222&#8243; text=&#8220;Mehr als 30 Jahre lange Produktion von Wasserglas und Sivelmed&#8220; font_size=&#8220;sm:30;md:36;lg:42&#8243; line_height=&#8220;1.19&#8243;][tm_spacer size=&#8220;lg:30&#8243;][tm_button style=&#8220;outline&#8220; size=&#8220;custom&#8220; button=&#8220;url:%23|title:%C3%9Cber%20uns||&#8220; color=&#8220;custom&#8220; button_bg_color=&#8220;custom&#8220; font_color=&#8220;custom&#8220; button_border_color=&#8220;custom&#8220; button_bg_color_hover=&#8220;custom&#8220; font_color_hover=&#8220;custom&#8220; button_border_color_hover=&#8220;custom&#8220; width=&#8220;220&#8243; custom_font_color=&#8220;#222222&#8243; custom_button_border_color=&#8220;#eeeeee&#8220; custom_font_color_hover=&#8220;#222222&#8243; custom_button_border_color_hover=&#8220;#eeeeee&#8220; custom_button_bg_color=&#8220;#ffffff&#8220; custom_button_bg_color_hover=&#8220;#eeeeee&#8220;][tm_spacer size=&#8220;sm:40&#8243;][\/vc_column][vc_column width=&#8220;1\/2&#8243; offset=&#8220;vc_col-md-4&#8243;][tm_box_icon style=&#8220;5&#8243; image=&#8220;6335&#8243; heading=&#8220;Die Anwendung moderner Technologien&#8220; text=&#8220;Unsere Erkennbarkeit auf dem Markt ist die Folge unserer Entschiedenheit, mit modernsten Technologien den Nutzern unserer Produkte optimale Qualit\u00e4t in Kontinuit\u00e4t zu gew\u00e4hrleisten und zu garantieren&#8220;][\/vc_column][vc_column width=&#8220;1\/2&#8243; offset=&#8220;vc_col-md-4&#8243;][tm_box_icon style=&#8220;5&#8243; image=&#8220;6340&#8243; heading=&#8220;Die auf hohem Professionalismus und hohem Expertenwissen der Angestellten gegr\u00fcndete Strategie&#8220; text=&#8220;Seinen Erfolg schuldet VomiX vor allem den Angestellten. Die kompetenten, kreativen Menschen, die unser Unternehmen schm\u00fccken, sind immer im Stande, optimale L\u00f6sungen zu finden. Aus diesem Grund tun wir alles, um ins Unternehmen die talentvollsten jungen Menschen anzuziehen. Sie machen der Regel nach eine internationale Ausbildung, haben M\u00f6glichkeiten zum innovativen Lernen und sehr fr\u00fch die Chance, Verantwortung bei der Installation neuer komplexer Prozesse zu \u00fcbernehmen . . .&#8220;][\/vc_column][\/vc_row][vc_row full_width=&#8220;stretch_row&#8220; background_color=&#8220;custom&#8220; lg_spacing=&#8220;padding_top:139;padding_bottom:123&#8243; custom_background_color=&#8220;#f2f8ff&#8220;][vc_column][tm_heading custom_google_font=&#8220;&#8220; font_weight=&#8220;600&#8243; align=&#8220;center&#8220; text_color=&#8220;custom&#8220; custom_text_color=&#8220;#222222&#8243; text=&#8220;Wir sind die Leader&#8220; font_size=&#8220;sm:30;md:36;lg:42&#8243; line_height=&#8220;1.19&#8243;][tm_spacer size=&#8220;lg:24&#8243;][tm_heading tag=&#8220;div&#8220; custom_google_font=&#8220;&#8220; align=&#8220;center&#8220; text=&#8220;Die strenge Einhaltung von Lieferfristen sowie die Ausf\u00fcllung aller Anforderungen des modernen Gesch\u00e4ftsbetriebs sind das, was uns zu den Leadern auf dem Wasserglas- und Sivelmedmarkt macht&#8220; max_width=&#8220;650px&#8220;][tm_spacer size=&#8220;lg:80&#8243;][vc_row_inner][vc_column_inner width=&#8220;1\/2&#8243; offset=&#8220;vc_col-md-3&#8243;][tm_box_icon style=&#8220;7&#8243; type=&#8220;linea&#8220; icon_linea=&#8220;linea-basic-world&#8220; align=&#8220;center&#8220; heading=&#8220;Der Weltmarkt&#8220; text=&#8220;Eine sehr bemerkte Anwesenheit auf dem internationalen Markt . . .&#8220;][\/vc_column_inner][vc_column_inner width=&#8220;1\/2&#8243; offset=&#8220;vc_col-md-3&#8243;][tm_box_icon style=&#8220;7&#8243; type=&#8220;linea&#8220; icon_linea=&#8220;linea-basic-paperplane&#8220; align=&#8220;center&#8220; heading=&#8220;Neue Ideen . . .&#8220; text=&#8220;Wir sind offen f\u00fcr neue Ideen- und Technologiel\u00f6sungen . . .&#8220;][\/vc_column_inner][vc_column_inner width=&#8220;1\/2&#8243; offset=&#8220;vc_col-md-3&#8243;][tm_box_icon style=&#8220;7&#8243; type=&#8220;linea&#8220; icon_linea=&#8220;linea-basic-clock&#8220; align=&#8220;center&#8220; heading=&#8220;Die Lieferfristen . . .&#8220; text=&#8220;Ausnahmslose Einhaltung der Zeitrahmen&#8220;][\/vc_column_inner][vc_column_inner width=&#8220;1\/2&#8243; offset=&#8220;vc_col-md-3&#8243;][tm_box_icon style=&#8220;7&#8243; type=&#8220;linea&#8220; icon_linea=&#8220;linea-ecommerce-wallet&#8220; align=&#8220;center&#8220; heading=&#8220;Die Preiswettbewerbsf\u00e4higkeit&#8220; text=&#8220;Zweifelslos eines unserer St\u00e4rken . . .&#8220;][\/vc_column_inner][\/vc_row_inner][\/vc_column][\/vc_row][vc_row full_width=&#8220;stretch_row&#8220; background_attachment=&#8220;fixed&#8220; lg_spacing=&#8220;padding_top:170;padding_bottom:151&#8243; sm_spacing=&#8220;padding_top:120;padding_bottom:100&#8243; background_image=&#8220;6314&#8243; background_position=&#8220;center&#8220;][vc_column][tm_heading custom_google_font=&#8220;&#8220; font_weight=&#8220;600&#8243; align=&#8220;center&#8220; text_color=&#8220;primary_color&#8220; text=&#8220;Unsere Produkte&#8220; font_size=&#8220;lg:20&#8243; line_height=&#8220;1.2&#8243;][tm_spacer size=&#8220;lg:32&#8243;][tm_heading custom_google_font=&#8220;&#8220; font_weight=&#8220;600&#8243; align=&#8220;center&#8220; text_color=&#8220;custom&#8220; custom_text_color=&#8220;#ffffff&#8220; text=&#8220;Wir entwickeln Produktspitzenl\u00f6sungen f\u00fcr unsere Kunden . . .&#8220; font_size=&#8220;sm:34;md:42;lg:50&#8243; line_height=&#8220;1.2&#8243;][tm_spacer size=&#8220;lg:48&#8243;][tm_button style=&#8220;outline&#8220; size=&#8220;custom&#8220; button=&#8220;|title:Detail||&#8220; align=&#8220;center&#8220; color=&#8220;custom&#8220; button_bg_color=&#8220;custom&#8220; font_color=&#8220;custom&#8220; button_border_color=&#8220;custom&#8220; button_bg_color_hover=&#8220;custom&#8220; font_color_hover=&#8220;custom&#8220; button_border_color_hover=&#8220;custom&#8220; width=&#8220;180&#8243; custom_font_color=&#8220;#222222&#8243; custom_button_border_color=&#8220;#ffffff&#8220; custom_font_color_hover=&#8220;#ffffff&#8220; custom_button_border_color_hover=&#8220;#ffffff&#8220; custom_button_bg_color=&#8220;#ffffff&#8220;][\/vc_column][\/vc_row][vc_row full_width=&#8220;stretch_row&#8220; lg_spacing=&#8220;padding_top:120;padding_bottom:124&#8243; sm_spacing=&#8220;padding_top:90;padding_bottom:100&#8243;][vc_column][vc_row_inner content_placement=&#8220;middle&#8220;][vc_column_inner width=&#8220;1\/3&#8243;][tm_heading custom_google_font=&#8220;&#8220; font_weight=&#8220;600&#8243; text_color=&#8220;custom&#8220; custom_text_color=&#8220;#222222&#8243; text=&#8220;Nachrichten&#8220; font_size=&#8220;sm:30;md:36;lg:42&#8243; line_height=&#8220;1.2&#8243;][\/vc_column_inner][vc_column_inner width=&#8220;1\/3&#8243;][tm_heading tag=&#8220;div&#8220; custom_google_font=&#8220;&#8220; font_weight=&#8220;500&#8243; align=&#8220;right&#8220; xs_align=&#8220;left&#8220; text=&#8220;Subscribe to our newsletter&#8220; font_size=&#8220;lg:15&#8243; line_height=&#8220;1.53&#8243;][\/vc_column_inner][vc_column_inner width=&#8220;1\/3&#8243;][tm_mailchimp_form style=&#8220;4&#8243;][\/vc_column_inner][\/vc_row_inner][tm_spacer size=&#8220;lg:87&#8243;][tm_blog style=&#8220;grid_modern&#8220; gutter=&#8220;30&#8243; number=&#8220;3&#8243; taxonomies=&#8220;post_tag:classic&#8220; columns=&#8220;xs:1;sm:2;lg:3&#8243;][tm_spacer size=&#8220;lg:50&#8243;][tm_button size=&#8220;custom&#8220; button=&#8220;url:%23|title:Sehen%20sie%20sich%20sie%20an||&#8220; align=&#8220;center&#8220; width=&#8220;180&#8243;][\/vc_column][\/vc_row][vc_row full_width=&#8220;stretch_row_content_no_spaces&#8220; equal_height=&#8220;yes&#8220; content_placement=&#8220;middle&#8220;][vc_column width=&#8220;1\/2&#8243;][vc_single_image image=&#8220;6357&#8243; img_size=&#8220;full&#8220; full_width=&#8220;true&#8220;][\/vc_column][vc_column width=&#8220;1\/2&#8243; background_color=&#8220;custom&#8220; lg_spacing=&#8220;padding_top:110;padding_bottom:85;padding_left:190&#8243; md_spacing=&#8220;padding_left:50&#8243; sm_spacing=&#8220;padding_left:30&#8243; custom_background_color=&#8220;#f2f8ff&#8220;][vc_row_inner max_width=&#8220;500px&#8220;][vc_column_inner][tm_testimonial style=&#8220;6&#8243; number=&#8220;9&#8243; auto_play=&#8220;5000&#8243; nav=&#8220;7&#8243; pagination=&#8220;4&#8243; carousel_items_display=&#8220;xs:1;lg:1&#8243; carousel_gutter=&#8220;lg:30&#8243;][\/vc_column_inner][\/vc_row_inner][\/vc_column][\/vc_row][vc_row full_width=&#8220;stretch_row&#8220; lg_spacing=&#8220;padding_top:73;padding_bottom:73&#8243; sm_spacing=&#8220;padding_top:50;padding_bottom:50&#8243;][vc_column][tm_slider loop=&#8220;&#8220; v_center=&#8220;1&#8243; gutter=&#8220;30&#8243; text_align=&#8220;center&#8220; items_display=&#8220;xs:2;sm:3;lg:4&#8243; items=&#8220;%5B%7B%22image%22%3A%226327%22%2C%22link%22%3A%22url%3Ahttp%253A%252F%252Feucom.rs%252Fsr-yu%7C%7Ctarget%3A%2520_blank%7C%22%7D%2C%7B%22image%22%3A%226330%22%2C%22link%22%3A%22url%3Ahttps%253A%252F%252Fwww.henkel.rs%7C%7Ctarget%3A%2520_blank%7C%22%7D%5D&#8220;][\/vc_column][\/vc_row]","protected":false},"author":1,"featured_media":0,"parent":0,"menu_order":0,"comment_status":"closed","ping_status":"closed","template":"","meta":[],"_links":{"self":[{"href":"https:\/\/proba77356.vomixteam.com\/index.php?rest_route=\/wp\/v2\/pages\/6429"}],"collection":[{"href":"https:\/\/proba77356.vomixteam.com\/index.php?rest_route=\/wp\/v2\/pages"}],"about":[{"href":"https:\/\/proba77356.vomixteam.com\/index.php?rest_route=\/wp\/v2\/types\/page"}],"author":[{"embeddable":true,"href":"https:\/\/proba77356.vomixteam.com\/index.php?rest_route=\/wp\/v2\/users\/1"}],"replies":[{"embeddable":true,"href":"https:\/\/proba77356.vomixteam.com\/index.php?rest_route=%2Fwp%2Fv2%2Fcomments&post=6429"}],"version-history":[{"count":2,"href":"https:\/\/proba77356.vomixteam.com\/index.php?rest_route=\/wp\/v2\/pages\/6429\/revisions"}],"predecessor-version":[{"id":6432,"href":"https:\/\/proba77356.vomixteam.com\/index.php?rest_route=\/wp\/v2\/pages\/6429\/revisions\/6432"}],"wp:attachment":[{"href":"https:\/\/proba77356.vomixteam.com\/index.php?rest_route=%2Fwp%2Fv2%2Fmedia&parent=6429"}],"curies":[{"name":"wp","href":"https:\/\/api.w.org\/{rel}","templated":true}]}}