{"id":6427,"date":"2019-05-05T23:54:03","date_gmt":"2019-05-05T23:54:03","guid":{"rendered":"http:\/\/vomixteam.com\/?page_id=6427&#038;lang=ru"},"modified":"2019-05-06T01:49:30","modified_gmt":"2019-05-06T01:49:30","slug":"%d0%b4%d0%be%d0%b1%d1%80%d0%be-%d0%bf%d0%be%d0%b6%d0%b0%d0%bb%d0%be%d0%b2%d0%b0%d1%82%d1%8c","status":"publish","type":"page","link":"https:\/\/proba77356.vomixteam.com\/","title":{"rendered":"\u0414\u043e\u0431\u0440\u043e \u043f\u043e\u0436\u0430\u043b\u043e\u0432\u0430\u0442\u044c"},"content":{"rendered":"<p>[vc_row full_width=&#8220;stretch_row&#8220; lg_spacing=&#8220;padding_top:122;padding_bottom:60&#8243; gutter=&#8220;sm:30;lg:50&#8243; sm_spacing=&#8220;padding_top:90;padding_bottom:40&#8243;][vc_column offset=&#8220;vc_col-md-4&#8243;][tm_heading custom_google_font=&#8220;&#8220; font_weight=&#8220;600&#8243; text_color=&#8220;custom&#8220; custom_text_color=&#8220;#222222&#8243; text=&#8220;\u0411\u043e\u043b\u044c\u0448\u0435 30 \u043b\u0435\u0442 \u043f\u0440\u043e\u0438\u0437\u0432\u043e\u0434\u0441\u0442\u0432\u0430 \u0436\u0438\u0434\u043a\u043e\u0433\u043e \u0441\u0442\u0435\u043a\u043b\u0430 \u0438 \u0441\u0438\u043b\u0438\u043a\u0430\u0442\u043d\u043e\u0433\u043e \u043a\u043b\u0435\u044f &#8211; \u0441\u0438\u0432\u0435\u043b \u043c\u0451\u0434\u0430&#8220; font_size=&#8220;sm:30;md:36;lg:42&#8243; line_height=&#8220;1.19&#8243;][tm_spacer size=&#8220;lg:30&#8243;][tm_button style=&#8220;outline&#8220; size=&#8220;custom&#8220; button=&#8220;url:http%3A%2F%2Fvomixteam.com%2F%3Fpage_id%3D6417%26lang%3Dru|title:%D0%9E%20%D0%BD%D0%B0%D1%81||&#8220; color=&#8220;custom&#8220; button_bg_color=&#8220;custom&#8220; font_color=&#8220;custom&#8220; button_border_color=&#8220;custom&#8220; button_bg_color_hover=&#8220;custom&#8220; font_color_hover=&#8220;custom&#8220; button_border_color_hover=&#8220;custom&#8220; width=&#8220;220&#8243; custom_font_color=&#8220;#222222&#8243; custom_button_border_color=&#8220;#eeeeee&#8220; custom_font_color_hover=&#8220;#222222&#8243; custom_button_border_color_hover=&#8220;#eeeeee&#8220; custom_button_bg_color=&#8220;#ffffff&#8220; custom_button_bg_color_hover=&#8220;#eeeeee&#8220;][tm_spacer size=&#8220;sm:40&#8243;][\/vc_column][vc_column width=&#8220;1\/2&#8243; offset=&#8220;vc_col-md-4&#8243;][tm_box_icon style=&#8220;5&#8243; image=&#8220;6335&#8243; heading=&#8220;\u041f\u0440\u0438\u043c\u0435\u043d\u0435\u043d\u0438\u0435 \u0441\u0430\u0432\u0440\u0435\u043c\u0435\u043d\u044b\u0445 \u0442\u0435\u0445\u043d\u043e\u043b\u043e\u0433\u0438\u0439&#8220; text=&#8220;\u041d\u0430\u0448\u0430  \u0443\u0437\u043d\u0430\u0432\u0430\u0435\u043c\u043e\u0441\u0442\u044c \u043d\u0430 \u0440\u044b\u043d\u043a\u0435 \u044f\u0432\u043b\u044f\u0435\u0442\u0441\u044f \u043f\u043e\u0441\u043b\u0435\u0434\u0441\u0442\u0432\u0438\u0435\u043c \u043d\u0430\u0448\u0435\u0439 \u0440\u0435\u0448\u0438\u0442\u0435\u043b\u044c\u043d\u043e\u0441\u0442\u0438  \u043f\u0440\u0438 \u043f\u043e\u043c\u043e\u0449\u0438 \u0441\u0430\u043c\u044b\u0445 \u0441\u043e\u0432\u0440\u0435\u043c\u0435\u043d\u043d\u044b\u0445  \u0442\u0435\u0445\u043d\u043e\u043b\u043e\u0433\u0438\u0439 \u043f\u043e\u043b\u044c\u0437\u043e\u0432\u0430\u0442\u0435\u043b\u044f\u043c \u043d\u0430\u0448\u0438\u0445 \u043f\u0440\u043e\u0434\u0443\u043a\u0442\u043e\u0432 \u043f\u043e\u0441\u0442\u043e\u044f\u043d\u043d\u043e \u043e\u0431\u0435\u0441\u043f\u0435\u0447\u0438\u0432\u0430\u0442\u044c \u0438 \u0433\u0430\u0440\u0430\u043d\u0442\u0438\u0440\u043e\u0432\u0430\u0442\u044c \u043e\u043f\u0442\u0438\u043c\u0430\u043b\u044c\u043d\u043e\u0435 \u043a\u0430\u0447\u0435\u0441\u0442\u0432\u043e&#8220;][\/vc_column][vc_column width=&#8220;1\/2&#8243; offset=&#8220;vc_col-md-4&#8243;][tm_box_icon style=&#8220;5&#8243; image=&#8220;6340&#8243; heading=&#8220;\u0414\u0435\u043b\u043e\u0432\u0430\u044f \u0441\u0442\u0440\u0430\u0442\u0435\u0433\u0438\u044f \u043e\u0431\u043e\u0441\u043d\u043e\u0432\u0430\u043d\u0430 \u043d\u0430 \u0441\u0430\u043c\u043e\u043c \u0432\u044b\u0441\u043e\u043a\u043e\u043c \u043f\u0440\u043e\u0444\u0435\u0441\u0441\u0438\u043e\u043d\u0430\u043b\u0438\u0437\u043c\u0443 \u0438 \u0432\u044b\u0441\u043e\u043a\u043e\u0439 \u0441\u043f\u0435\u0446\u0438\u0430\u043b\u044c\u043d\u043e\u0441\u0442\u0438  \u0440\u0430\u0431\u043e\u0447\u0438\u0445&#8220; text=&#8220;Svoj uspeh VomiX duguje pre svega zaposlenima. Kompetentni, kreativni ljudi koji krase na\u0161u kompaniju uvek su u stanju da prona\u0111u optimalna re\u0161enja. Iz tog razloga sve \u010dinimo da u kompaniju privu\u010demo najtalentovanije mlade ljude. Oni po pravilu prolaze kroz me\u0111unarodnu obuku, imaju mogu\u0107nosti inovativnog u\u010denja i vrlo rano priliku da preuzmu odgovornost u instaliranju novih slo\u017eenih procesa . . .&#8220;][\/vc_column][\/vc_row][vc_row full_width=&#8220;stretch_row&#8220; background_color=&#8220;custom&#8220; lg_spacing=&#8220;padding_top:139;padding_bottom:123&#8243; custom_background_color=&#8220;#f2f8ff&#8220;][vc_column][tm_heading custom_google_font=&#8220;&#8220; font_weight=&#8220;600&#8243; align=&#8220;center&#8220; text_color=&#8220;custom&#8220; custom_text_color=&#8220;#222222&#8243; text=&#8220;Mi smo lideri&#8220; font_size=&#8220;sm:30;md:36;lg:42&#8243; line_height=&#8220;1.19&#8243;][tm_spacer size=&#8220;lg:24&#8243;][tm_heading tag=&#8220;div&#8220; custom_google_font=&#8220;&#8220; align=&#8220;center&#8220; text=&#8220;Strogo po\u0161tovanje rokova isporuke kao i ispunjenost svih zahteva savremenog poslovanja je ono \u0161to nas \u010dini liderima na tr\u017ei\u0161tu vodenog stakla i sivel meda&#8220; max_width=&#8220;650px&#8220;][tm_spacer size=&#8220;lg:80&#8243;][vc_row_inner][vc_column_inner width=&#8220;1\/2&#8243; offset=&#8220;vc_col-md-3&#8243;][tm_box_icon style=&#8220;7&#8243; type=&#8220;linea&#8220; icon_linea=&#8220;linea-basic-world&#8220; align=&#8220;center&#8220; heading=&#8220;\u041c\u044b\u0440\u043e\u0432\u043e\u0439 \u0440\u044b\u043d\u043e\u043a&#8220; text=&#8220;\u041e\u0447\u0435\u043d\u044c  \u0437\u0430\u043c\u0435\u0447\u0435\u043d\u043e \u043f\u0440\u0438\u0441\u0443\u0441\u0442\u0432\u0438\u0435 \u043d\u0430 \u043c\u0435\u0436\u0434\u0443\u043d\u0430\u0440\u043e\u0434\u043d\u043e\u043c \u0440\u044b\u043d\u043a\u0435 . . .&#8220;][\/vc_column_inner][vc_column_inner width=&#8220;1\/2&#8243; offset=&#8220;vc_col-md-3&#8243;][tm_box_icon style=&#8220;7&#8243; type=&#8220;linea&#8220; icon_linea=&#8220;linea-basic-paperplane&#8220; align=&#8220;center&#8220; heading=&#8220;\u041d\u043e\u0432\u044b\u0435 \u0438\u0434\u0435\u0438 . . .&#8220; text=&#8220;\u041c\u044b \u043e\u0442\u043a\u0440\u044b\u0442\u044b  \u0437\u0430 \u043d\u043e\u0432\u044b\u0435 \u0438\u0434\u0435\u0439\u043d\u044b\u0435 \u0442\u0435\u0445\u043d\u043e\u043b\u043e\u0433\u0438\u0447\u0435\u0441\u043a\u0438\u0435 \u0440\u0435\u0448\u0435\u043d\u0438\u044f . . .&#8220;][\/vc_column_inner][vc_column_inner width=&#8220;1\/2&#8243; offset=&#8220;vc_col-md-3&#8243;][tm_box_icon style=&#8220;7&#8243; type=&#8220;linea&#8220; icon_linea=&#8220;linea-basic-clock&#8220; align=&#8220;center&#8220; heading=&#8220;\u0421\u0440\u043e\u043a\u0438 \u043f\u043e\u0441\u0442\u0430\u0432\u043a\u0438 . . .&#8220; text=&#8220;\u0422\u043e\u0447\u043d\u043e\u0435 \u0443\u0445\u0430\u0436\u0438\u0432\u0430\u043d\u0438\u0435 \u0441\u0440\u043e\u043a\u043e\u0432 \u043f\u043e\u0441\u0442\u0430\u0432\u043a\u0438&#8220;][\/vc_column_inner][vc_column_inner width=&#8220;1\/2&#8243; offset=&#8220;vc_col-md-3&#8243;][tm_box_icon style=&#8220;7&#8243; type=&#8220;linea&#8220; icon_linea=&#8220;linea-ecommerce-wallet&#8220; align=&#8220;center&#8220; heading=&#8220;\u041a\u043e\u043d\u043a\u0443\u0440\u0435\u043d\u0442\u043d\u043e\u0441\u0442\u044c  \u0446\u0435\u043d&#8220; text=&#8220;\u041d\u0435\u0441\u043e\u043c\u043d\u0435\u043d\u043d\u043e \u043e\u0434\u043d\u043e  \u0438\u0437 \u043d\u0430\u0448\u0438\u0445 \u043f\u0440\u0435\u0438\u043c\u0443\u0449\u0435\u0441\u0442\u0432 . . .&#8220;][\/vc_column_inner][\/vc_row_inner][\/vc_column][\/vc_row][vc_row full_width=&#8220;stretch_row&#8220; background_attachment=&#8220;fixed&#8220; lg_spacing=&#8220;padding_top:170;padding_bottom:151&#8243; sm_spacing=&#8220;padding_top:120;padding_bottom:100&#8243; background_image=&#8220;6314&#8243; background_position=&#8220;center&#8220;][vc_column][tm_heading custom_google_font=&#8220;&#8220; font_weight=&#8220;600&#8243; align=&#8220;center&#8220; text_color=&#8220;primary_color&#8220; text=&#8220;\u041d\u0430\u0448\u0438 \u043f\u0440\u043e\u0434\u0443\u043a\u0442\u044b&#8220; font_size=&#8220;lg:20&#8243; line_height=&#8220;1.2&#8243;][tm_spacer size=&#8220;lg:32&#8243;][tm_heading custom_google_font=&#8220;&#8220; font_weight=&#8220;600&#8243; align=&#8220;center&#8220; text_color=&#8220;custom&#8220; custom_text_color=&#8220;#ffffff&#8220; text=&#8220;\u041c\u044b \u0440\u0430\u0437\u0432\u0438\u0432\u0430\u0435\u043c \u0432\u044b\u0441\u043e\u043a\u043e\u043a\u0430\u0447\u0435\u0441\u0442\u0432\u0435\u043d\u043d\u044b\u0435 \u0440\u0435\u0448\u0435\u043d\u0438\u044f \u0434\u043b\u044f \u043d\u0430\u0448\u0438\u0445 \u043a\u043b\u0438\u0435\u043d\u0442\u043e\u0432 . . .&#8220; font_size=&#8220;sm:34;md:42;lg:50&#8243; line_height=&#8220;1.2&#8243;][tm_spacer size=&#8220;lg:48&#8243;][tm_button style=&#8220;outline&#8220; size=&#8220;custom&#8220; button=&#8220;url:http%3A%2F%2Fvomixteam.com%2F%3Fpage_id%3D6310|title:%D0%9F%D0%BE%D1%81%D0%BC%D0%BE%D1%82%D1%80%D0%B8%D1%82%D0%B5||&#8220; align=&#8220;center&#8220; color=&#8220;custom&#8220; button_bg_color=&#8220;custom&#8220; font_color=&#8220;custom&#8220; button_border_color=&#8220;custom&#8220; button_bg_color_hover=&#8220;custom&#8220; font_color_hover=&#8220;custom&#8220; button_border_color_hover=&#8220;custom&#8220; width=&#8220;180&#8243; custom_font_color=&#8220;#222222&#8243; custom_button_border_color=&#8220;#ffffff&#8220; custom_font_color_hover=&#8220;#ffffff&#8220; custom_button_border_color_hover=&#8220;#ffffff&#8220; custom_button_bg_color=&#8220;#ffffff&#8220;][\/vc_column][\/vc_row][vc_row full_width=&#8220;stretch_row&#8220; lg_spacing=&#8220;padding_top:120;padding_bottom:124&#8243; sm_spacing=&#8220;padding_top:90;padding_bottom:100&#8243;][vc_column][vc_row_inner content_placement=&#8220;middle&#8220;][vc_column_inner width=&#8220;1\/3&#8243;][tm_heading custom_google_font=&#8220;&#8220; font_weight=&#8220;600&#8243; text_color=&#8220;custom&#8220; custom_text_color=&#8220;#222222&#8243; text=&#8220;\u041d\u043e\u0432\u043e\u0441\u0442\u0438&#8220; font_size=&#8220;sm:30;md:36;lg:42&#8243; line_height=&#8220;1.2&#8243;][\/vc_column_inner][vc_column_inner width=&#8220;1\/3&#8243;][tm_heading tag=&#8220;div&#8220; custom_google_font=&#8220;&#8220; font_weight=&#8220;500&#8243; align=&#8220;right&#8220; xs_align=&#8220;left&#8220; text=&#8220;Subscribe to our newsletter&#8220; font_size=&#8220;lg:15&#8243; line_height=&#8220;1.53&#8243;][\/vc_column_inner][vc_column_inner width=&#8220;1\/3&#8243;][tm_mailchimp_form style=&#8220;4&#8243;][\/vc_column_inner][\/vc_row_inner][tm_spacer size=&#8220;lg:87&#8243;][tm_blog style=&#8220;grid_modern&#8220; gutter=&#8220;30&#8243; number=&#8220;3&#8243; taxonomies=&#8220;post_tag:classic&#8220; columns=&#8220;xs:1;sm:2;lg:3&#8243;][tm_spacer size=&#8220;lg:50&#8243;][tm_button size=&#8220;custom&#8220; button=&#8220;url:%23|title:Pogledajte%20sve||&#8220; align=&#8220;center&#8220; width=&#8220;180&#8243;][\/vc_column][\/vc_row][vc_row full_width=&#8220;stretch_row_content_no_spaces&#8220; equal_height=&#8220;yes&#8220; content_placement=&#8220;middle&#8220;][vc_column width=&#8220;1\/2&#8243;][vc_single_image image=&#8220;6357&#8243; img_size=&#8220;full&#8220; full_width=&#8220;true&#8220;][\/vc_column][vc_column width=&#8220;1\/2&#8243; background_color=&#8220;custom&#8220; lg_spacing=&#8220;padding_top:110;padding_bottom:85;padding_left:190&#8243; md_spacing=&#8220;padding_left:50&#8243; sm_spacing=&#8220;padding_left:30&#8243; custom_background_color=&#8220;#f2f8ff&#8220;][vc_row_inner max_width=&#8220;500px&#8220;][vc_column_inner][tm_testimonial style=&#8220;6&#8243; number=&#8220;9&#8243; auto_play=&#8220;5000&#8243; nav=&#8220;7&#8243; pagination=&#8220;4&#8243; carousel_items_display=&#8220;xs:1;lg:1&#8243; carousel_gutter=&#8220;lg:30&#8243;][\/vc_column_inner][\/vc_row_inner][\/vc_column][\/vc_row][vc_row full_width=&#8220;stretch_row&#8220; lg_spacing=&#8220;padding_top:73;padding_bottom:73&#8243; sm_spacing=&#8220;padding_top:50;padding_bottom:50&#8243;][vc_column][tm_slider loop=&#8220;&#8220; v_center=&#8220;1&#8243; gutter=&#8220;30&#8243; text_align=&#8220;center&#8220; items_display=&#8220;xs:2;sm:3;lg:4&#8243; items=&#8220;%5B%7B%22image%22%3A%226327%22%2C%22link%22%3A%22url%3Ahttp%253A%252F%252Feucom.rs%252Fsr-yu%7C%7Ctarget%3A%2520_blank%7C%22%7D%2C%7B%22image%22%3A%226330%22%2C%22link%22%3A%22url%3Ahttps%253A%252F%252Fwww.henkel.rs%7C%7Ctarget%3A%2520_blank%7C%22%7D%5D&#8220;][\/vc_column][\/vc_row]<\/p>\n","protected":false},"excerpt":{"rendered":"[vc_row full_width=&#8220;stretch_row&#8220; lg_spacing=&#8220;padding_top:122;padding_bottom:60&#8243; gutter=&#8220;sm:30;lg:50&#8243; sm_spacing=&#8220;padding_top:90;padding_bottom:40&#8243;][vc_column offset=&#8220;vc_col-md-4&#8243;][tm_heading custom_google_font=&#8220;&#8220; font_weight=&#8220;600&#8243; text_color=&#8220;custom&#8220; custom_text_color=&#8220;#222222&#8243; text=&#8220;\u0411\u043e\u043b\u044c\u0448\u0435 30 \u043b\u0435\u0442 \u043f\u0440\u043e\u0438\u0437\u0432\u043e\u0434\u0441\u0442\u0432\u0430 \u0436\u0438\u0434\u043a\u043e\u0433\u043e \u0441\u0442\u0435\u043a\u043b\u0430 \u0438 \u0441\u0438\u043b\u0438\u043a\u0430\u0442\u043d\u043e\u0433\u043e \u043a\u043b\u0435\u044f &#8211; \u0441\u0438\u0432\u0435\u043b \u043c\u0451\u0434\u0430&#8220; font_size=&#8220;sm:30;md:36;lg:42&#8243; line_height=&#8220;1.19&#8243;][tm_spacer size=&#8220;lg:30&#8243;][tm_button style=&#8220;outline&#8220; size=&#8220;custom&#8220; button=&#8220;url:http%3A%2F%2Fvomixteam.com%2F%3Fpage_id%3D6417%26lang%3Dru|title:%D0%9E%20%D0%BD%D0%B0%D1%81||&#8220; color=&#8220;custom&#8220; button_bg_color=&#8220;custom&#8220; font_color=&#8220;custom&#8220; button_border_color=&#8220;custom&#8220; button_bg_color_hover=&#8220;custom&#8220; font_color_hover=&#8220;custom&#8220; button_border_color_hover=&#8220;custom&#8220; width=&#8220;220&#8243; custom_font_color=&#8220;#222222&#8243; custom_button_border_color=&#8220;#eeeeee&#8220; custom_font_color_hover=&#8220;#222222&#8243; custom_button_border_color_hover=&#8220;#eeeeee&#8220; custom_button_bg_color=&#8220;#ffffff&#8220; custom_button_bg_color_hover=&#8220;#eeeeee&#8220;][tm_spacer size=&#8220;sm:40&#8243;][\/vc_column][vc_column width=&#8220;1\/2&#8243; offset=&#8220;vc_col-md-4&#8243;][tm_box_icon style=&#8220;5&#8243; image=&#8220;6335&#8243; heading=&#8220;\u041f\u0440\u0438\u043c\u0435\u043d\u0435\u043d\u0438\u0435 \u0441\u0430\u0432\u0440\u0435\u043c\u0435\u043d\u044b\u0445 \u0442\u0435\u0445\u043d\u043e\u043b\u043e\u0433\u0438\u0439&#8220; text=&#8220;\u041d\u0430\u0448\u0430 \u0443\u0437\u043d\u0430\u0432\u0430\u0435\u043c\u043e\u0441\u0442\u044c \u043d\u0430 \u0440\u044b\u043d\u043a\u0435 \u044f\u0432\u043b\u044f\u0435\u0442\u0441\u044f \u043f\u043e\u0441\u043b\u0435\u0434\u0441\u0442\u0432\u0438\u0435\u043c \u043d\u0430\u0448\u0435\u0439 \u0440\u0435\u0448\u0438\u0442\u0435\u043b\u044c\u043d\u043e\u0441\u0442\u0438 \u043f\u0440\u0438 \u043f\u043e\u043c\u043e\u0449\u0438 \u0441\u0430\u043c\u044b\u0445 \u0441\u043e\u0432\u0440\u0435\u043c\u0435\u043d\u043d\u044b\u0445 \u0442\u0435\u0445\u043d\u043e\u043b\u043e\u0433\u0438\u0439 \u043f\u043e\u043b\u044c\u0437\u043e\u0432\u0430\u0442\u0435\u043b\u044f\u043c \u043d\u0430\u0448\u0438\u0445 \u043f\u0440\u043e\u0434\u0443\u043a\u0442\u043e\u0432 \u043f\u043e\u0441\u0442\u043e\u044f\u043d\u043d\u043e \u043e\u0431\u0435\u0441\u043f\u0435\u0447\u0438\u0432\u0430\u0442\u044c \u0438 \u0433\u0430\u0440\u0430\u043d\u0442\u0438\u0440\u043e\u0432\u0430\u0442\u044c \u043e\u043f\u0442\u0438\u043c\u0430\u043b\u044c\u043d\u043e\u0435 \u043a\u0430\u0447\u0435\u0441\u0442\u0432\u043e&#8220;][\/vc_column][vc_column width=&#8220;1\/2&#8243; offset=&#8220;vc_col-md-4&#8243;][tm_box_icon style=&#8220;5&#8243; image=&#8220;6340&#8243; heading=&#8220;\u0414\u0435\u043b\u043e\u0432\u0430\u044f \u0441\u0442\u0440\u0430\u0442\u0435\u0433\u0438\u044f \u043e\u0431\u043e\u0441\u043d\u043e\u0432\u0430\u043d\u0430 \u043d\u0430 \u0441\u0430\u043c\u043e\u043c \u0432\u044b\u0441\u043e\u043a\u043e\u043c \u043f\u0440\u043e\u0444\u0435\u0441\u0441\u0438\u043e\u043d\u0430\u043b\u0438\u0437\u043c\u0443 \u0438 \u0432\u044b\u0441\u043e\u043a\u043e\u0439 \u0441\u043f\u0435\u0446\u0438\u0430\u043b\u044c\u043d\u043e\u0441\u0442\u0438 \u0440\u0430\u0431\u043e\u0447\u0438\u0445&#8220; text=&#8220;Svoj uspeh VomiX duguje pre svega zaposlenima. Kompetentni, kreativni ljudi koji krase na\u0161u kompaniju uvek su u stanju da prona\u0111u optimalna re\u0161enja. Iz tog razloga sve \u010dinimo da u kompaniju privu\u010demo najtalentovanije mlade ljude. Oni po pravilu prolaze kroz me\u0111unarodnu obuku, imaju mogu\u0107nosti inovativnog u\u010denja i vrlo rano priliku da preuzmu odgovornost u instaliranju novih slo\u017eenih procesa . . .&#8220;][\/vc_column][\/vc_row][vc_row full_width=&#8220;stretch_row&#8220; background_color=&#8220;custom&#8220; lg_spacing=&#8220;padding_top:139;padding_bottom:123&#8243; custom_background_color=&#8220;#f2f8ff&#8220;][vc_column][tm_heading custom_google_font=&#8220;&#8220; font_weight=&#8220;600&#8243; align=&#8220;center&#8220; text_color=&#8220;custom&#8220; custom_text_color=&#8220;#222222&#8243; text=&#8220;Mi smo lideri&#8220; font_size=&#8220;sm:30;md:36;lg:42&#8243; line_height=&#8220;1.19&#8243;][tm_spacer size=&#8220;lg:24&#8243;][tm_heading tag=&#8220;div&#8220; custom_google_font=&#8220;&#8220; align=&#8220;center&#8220; text=&#8220;Strogo po\u0161tovanje rokova isporuke kao i ispunjenost svih zahteva savremenog poslovanja je ono \u0161to nas \u010dini liderima na tr\u017ei\u0161tu vodenog stakla i sivel meda&#8220; max_width=&#8220;650px&#8220;][tm_spacer size=&#8220;lg:80&#8243;][vc_row_inner][vc_column_inner width=&#8220;1\/2&#8243; offset=&#8220;vc_col-md-3&#8243;][tm_box_icon style=&#8220;7&#8243; type=&#8220;linea&#8220; icon_linea=&#8220;linea-basic-world&#8220; align=&#8220;center&#8220; heading=&#8220;\u041c\u044b\u0440\u043e\u0432\u043e\u0439 \u0440\u044b\u043d\u043e\u043a&#8220; text=&#8220;\u041e\u0447\u0435\u043d\u044c \u0437\u0430\u043c\u0435\u0447\u0435\u043d\u043e \u043f\u0440\u0438\u0441\u0443\u0441\u0442\u0432\u0438\u0435 \u043d\u0430 \u043c\u0435\u0436\u0434\u0443\u043d\u0430\u0440\u043e\u0434\u043d\u043e\u043c \u0440\u044b\u043d\u043a\u0435 . . .&#8220;][\/vc_column_inner][vc_column_inner width=&#8220;1\/2&#8243; offset=&#8220;vc_col-md-3&#8243;][tm_box_icon style=&#8220;7&#8243; type=&#8220;linea&#8220; icon_linea=&#8220;linea-basic-paperplane&#8220; align=&#8220;center&#8220; heading=&#8220;\u041d\u043e\u0432\u044b\u0435 \u0438\u0434\u0435\u0438 . . .&#8220; text=&#8220;\u041c\u044b \u043e\u0442\u043a\u0440\u044b\u0442\u044b \u0437\u0430 \u043d\u043e\u0432\u044b\u0435 \u0438\u0434\u0435\u0439\u043d\u044b\u0435 \u0442\u0435\u0445\u043d\u043e\u043b\u043e\u0433\u0438\u0447\u0435\u0441\u043a\u0438\u0435 \u0440\u0435\u0448\u0435\u043d\u0438\u044f . . .&#8220;][\/vc_column_inner][vc_column_inner width=&#8220;1\/2&#8243; offset=&#8220;vc_col-md-3&#8243;][tm_box_icon style=&#8220;7&#8243; type=&#8220;linea&#8220; icon_linea=&#8220;linea-basic-clock&#8220; align=&#8220;center&#8220; heading=&#8220;\u0421\u0440\u043e\u043a\u0438 \u043f\u043e\u0441\u0442\u0430\u0432\u043a\u0438 . . .&#8220; text=&#8220;\u0422\u043e\u0447\u043d\u043e\u0435 \u0443\u0445\u0430\u0436\u0438\u0432\u0430\u043d\u0438\u0435 \u0441\u0440\u043e\u043a\u043e\u0432 \u043f\u043e\u0441\u0442\u0430\u0432\u043a\u0438&#8220;][\/vc_column_inner][vc_column_inner width=&#8220;1\/2&#8243; offset=&#8220;vc_col-md-3&#8243;][tm_box_icon style=&#8220;7&#8243; type=&#8220;linea&#8220; icon_linea=&#8220;linea-ecommerce-wallet&#8220; align=&#8220;center&#8220; heading=&#8220;\u041a\u043e\u043d\u043a\u0443\u0440\u0435\u043d\u0442\u043d\u043e\u0441\u0442\u044c \u0446\u0435\u043d&#8220; text=&#8220;\u041d\u0435\u0441\u043e\u043c\u043d\u0435\u043d\u043d\u043e \u043e\u0434\u043d\u043e \u0438\u0437 \u043d\u0430\u0448\u0438\u0445 \u043f\u0440\u0435\u0438\u043c\u0443\u0449\u0435\u0441\u0442\u0432 . . .&#8220;][\/vc_column_inner][\/vc_row_inner][\/vc_column][\/vc_row][vc_row full_width=&#8220;stretch_row&#8220; background_attachment=&#8220;fixed&#8220; lg_spacing=&#8220;padding_top:170;padding_bottom:151&#8243; sm_spacing=&#8220;padding_top:120;padding_bottom:100&#8243; background_image=&#8220;6314&#8243; background_position=&#8220;center&#8220;][vc_column][tm_heading custom_google_font=&#8220;&#8220; font_weight=&#8220;600&#8243; align=&#8220;center&#8220; text_color=&#8220;primary_color&#8220; text=&#8220;\u041d\u0430\u0448\u0438 \u043f\u0440\u043e\u0434\u0443\u043a\u0442\u044b&#8220; font_size=&#8220;lg:20&#8243; line_height=&#8220;1.2&#8243;][tm_spacer size=&#8220;lg:32&#8243;][tm_heading custom_google_font=&#8220;&#8220; font_weight=&#8220;600&#8243; align=&#8220;center&#8220; text_color=&#8220;custom&#8220; custom_text_color=&#8220;#ffffff&#8220; text=&#8220;\u041c\u044b \u0440\u0430\u0437\u0432\u0438\u0432\u0430\u0435\u043c \u0432\u044b\u0441\u043e\u043a\u043e\u043a\u0430\u0447\u0435\u0441\u0442\u0432\u0435\u043d\u043d\u044b\u0435 \u0440\u0435\u0448\u0435\u043d\u0438\u044f \u0434\u043b\u044f \u043d\u0430\u0448\u0438\u0445 \u043a\u043b\u0438\u0435\u043d\u0442\u043e\u0432 . . .&#8220; font_size=&#8220;sm:34;md:42;lg:50&#8243; line_height=&#8220;1.2&#8243;][tm_spacer size=&#8220;lg:48&#8243;][tm_button style=&#8220;outline&#8220; size=&#8220;custom&#8220; button=&#8220;url:http%3A%2F%2Fvomixteam.com%2F%3Fpage_id%3D6310|title:%D0%9F%D0%BE%D1%81%D0%BC%D0%BE%D1%82%D1%80%D0%B8%D1%82%D0%B5||&#8220; align=&#8220;center&#8220; color=&#8220;custom&#8220; button_bg_color=&#8220;custom&#8220; font_color=&#8220;custom&#8220; button_border_color=&#8220;custom&#8220; button_bg_color_hover=&#8220;custom&#8220; font_color_hover=&#8220;custom&#8220; button_border_color_hover=&#8220;custom&#8220; width=&#8220;180&#8243; custom_font_color=&#8220;#222222&#8243; custom_button_border_color=&#8220;#ffffff&#8220; custom_font_color_hover=&#8220;#ffffff&#8220; custom_button_border_color_hover=&#8220;#ffffff&#8220; custom_button_bg_color=&#8220;#ffffff&#8220;][\/vc_column][\/vc_row][vc_row full_width=&#8220;stretch_row&#8220; lg_spacing=&#8220;padding_top:120;padding_bottom:124&#8243; sm_spacing=&#8220;padding_top:90;padding_bottom:100&#8243;][vc_column][vc_row_inner content_placement=&#8220;middle&#8220;][vc_column_inner width=&#8220;1\/3&#8243;][tm_heading custom_google_font=&#8220;&#8220; font_weight=&#8220;600&#8243; text_color=&#8220;custom&#8220; custom_text_color=&#8220;#222222&#8243; text=&#8220;\u041d\u043e\u0432\u043e\u0441\u0442\u0438&#8220; font_size=&#8220;sm:30;md:36;lg:42&#8243; line_height=&#8220;1.2&#8243;][\/vc_column_inner][vc_column_inner width=&#8220;1\/3&#8243;][tm_heading tag=&#8220;div&#8220; custom_google_font=&#8220;&#8220; font_weight=&#8220;500&#8243; align=&#8220;right&#8220; xs_align=&#8220;left&#8220; text=&#8220;Subscribe to our newsletter&#8220; font_size=&#8220;lg:15&#8243; line_height=&#8220;1.53&#8243;][\/vc_column_inner][vc_column_inner width=&#8220;1\/3&#8243;][tm_mailchimp_form style=&#8220;4&#8243;][\/vc_column_inner][\/vc_row_inner][tm_spacer size=&#8220;lg:87&#8243;][tm_blog style=&#8220;grid_modern&#8220; gutter=&#8220;30&#8243; number=&#8220;3&#8243; taxonomies=&#8220;post_tag:classic&#8220; columns=&#8220;xs:1;sm:2;lg:3&#8243;][tm_spacer size=&#8220;lg:50&#8243;][tm_button size=&#8220;custom&#8220; button=&#8220;url:%23|title:Pogledajte%20sve||&#8220; align=&#8220;center&#8220; width=&#8220;180&#8243;][\/vc_column][\/vc_row][vc_row full_width=&#8220;stretch_row_content_no_spaces&#8220; equal_height=&#8220;yes&#8220; content_placement=&#8220;middle&#8220;][vc_column width=&#8220;1\/2&#8243;][vc_single_image image=&#8220;6357&#8243; img_size=&#8220;full&#8220; full_width=&#8220;true&#8220;][\/vc_column][vc_column width=&#8220;1\/2&#8243; background_color=&#8220;custom&#8220; lg_spacing=&#8220;padding_top:110;padding_bottom:85;padding_left:190&#8243; md_spacing=&#8220;padding_left:50&#8243; sm_spacing=&#8220;padding_left:30&#8243; custom_background_color=&#8220;#f2f8ff&#8220;][vc_row_inner max_width=&#8220;500px&#8220;][vc_column_inner][tm_testimonial style=&#8220;6&#8243; number=&#8220;9&#8243; auto_play=&#8220;5000&#8243; nav=&#8220;7&#8243; pagination=&#8220;4&#8243; carousel_items_display=&#8220;xs:1;lg:1&#8243; carousel_gutter=&#8220;lg:30&#8243;][\/vc_column_inner][\/vc_row_inner][\/vc_column][\/vc_row][vc_row full_width=&#8220;stretch_row&#8220; lg_spacing=&#8220;padding_top:73;padding_bottom:73&#8243; sm_spacing=&#8220;padding_top:50;padding_bottom:50&#8243;][vc_column][tm_slider loop=&#8220;&#8220; v_center=&#8220;1&#8243; gutter=&#8220;30&#8243; text_align=&#8220;center&#8220; items_display=&#8220;xs:2;sm:3;lg:4&#8243; items=&#8220;%5B%7B%22image%22%3A%226327%22%2C%22link%22%3A%22url%3Ahttp%253A%252F%252Feucom.rs%252Fsr-yu%7C%7Ctarget%3A%2520_blank%7C%22%7D%2C%7B%22image%22%3A%226330%22%2C%22link%22%3A%22url%3Ahttps%253A%252F%252Fwww.henkel.rs%7C%7Ctarget%3A%2520_blank%7C%22%7D%5D&#8220;][\/vc_column][\/vc_row]","protected":false},"author":1,"featured_media":0,"parent":0,"menu_order":0,"comment_status":"closed","ping_status":"closed","template":"","meta":[],"_links":{"self":[{"href":"https:\/\/proba77356.vomixteam.com\/index.php?rest_route=\/wp\/v2\/pages\/6427"}],"collection":[{"href":"https:\/\/proba77356.vomixteam.com\/index.php?rest_route=\/wp\/v2\/pages"}],"about":[{"href":"https:\/\/proba77356.vomixteam.com\/index.php?rest_route=\/wp\/v2\/types\/page"}],"author":[{"embeddable":true,"href":"https:\/\/proba77356.vomixteam.com\/index.php?rest_route=\/wp\/v2\/users\/1"}],"replies":[{"embeddable":true,"href":"https:\/\/proba77356.vomixteam.com\/index.php?rest_route=%2Fwp%2Fv2%2Fcomments&post=6427"}],"version-history":[{"count":2,"href":"https:\/\/proba77356.vomixteam.com\/index.php?rest_route=\/wp\/v2\/pages\/6427\/revisions"}],"predecessor-version":[{"id":6441,"href":"https:\/\/proba77356.vomixteam.com\/index.php?rest_route=\/wp\/v2\/pages\/6427\/revisions\/6441"}],"wp:attachment":[{"href":"https:\/\/proba77356.vomixteam.com\/index.php?rest_route=%2Fwp%2Fv2%2Fmedia&parent=6427"}],"curies":[{"name":"wp","href":"https:\/\/api.w.org\/{rel}","templated":true}]}}